{"id":160,"date":"2025-03-05T20:05:01","date_gmt":"2025-03-05T23:05:01","guid":{"rendered":"https:\/\/grupovaleria.aprenderfilosofia.pro.br\/?page_id=160"},"modified":"2025-03-09T20:40:14","modified_gmt":"2025-03-09T23:40:14","slug":"sobre","status":"publish","type":"page","link":"https:\/\/grupovaleria.aprenderfilosofia.pro.br\/index.php\/sobre\/","title":{"rendered":"Sobre"},"content":{"rendered":"\t\t<div data-elementor-type=\"wp-page\" data-elementor-id=\"160\" class=\"elementor elementor-160\" data-elementor-post-type=\"page\">\n\t\t\t\t<div class=\"elementor-element elementor-element-bdba616 e-flex e-con-boxed e-con e-parent\" data-id=\"bdba616\" data-element_type=\"container\" data-e-type=\"container\">\n\t\t\t\t\t<div class=\"e-con-inner\">\n\t\t<div class=\"elementor-element elementor-element-aecdb0b e-con-full e-flex e-con e-child\" data-id=\"aecdb0b\" data-element_type=\"container\" data-e-type=\"container\">\n\t\t\t\t<div class=\"elementor-element elementor-element-0c9378a elementor-widget elementor-widget-heading\" data-id=\"0c9378a\" data-element_type=\"widget\" data-e-type=\"widget\" data-widget_type=\"heading.default\">\n\t\t\t\t\t<h5 class=\"elementor-heading-title elementor-size-default\">Sobre o Prof-Filo<\/h5>\t\t\t\t<\/div>\n\t\t\t\t<\/div>\n\t\t<div class=\"elementor-element elementor-element-6771f74 e-con-full e-flex e-con e-child\" data-id=\"6771f74\" data-element_type=\"container\" data-e-type=\"container\">\n\t\t<div class=\"elementor-element elementor-element-e3b9856 e-con-full e-flex e-con e-child\" data-id=\"e3b9856\" data-element_type=\"container\" data-e-type=\"container\">\n\t\t\t\t<div class=\"elementor-element elementor-element-bf967fc elementor-nav-menu__align-start elementor-nav-menu--dropdown-tablet elementor-nav-menu__text-align-aside elementor-nav-menu--toggle elementor-nav-menu--burger elementor-widget elementor-widget-nav-menu\" data-id=\"bf967fc\" data-element_type=\"widget\" data-e-type=\"widget\" data-settings=\"{&quot;layout&quot;:&quot;vertical&quot;,&quot;submenu_icon&quot;:{&quot;value&quot;:&quot;&lt;svg class=\\&quot;e-font-icon-svg e-fas-caret-down\\&quot; viewBox=\\&quot;0 0 320 512\\&quot; xmlns=\\&quot;http:\\\/\\\/www.w3.org\\\/2000\\\/svg\\&quot;&gt;&lt;path d=\\&quot;M31.3 192h257.3c17.8 0 26.7 21.5 14.1 34.1L174.1 354.8c-7.8 7.8-20.5 7.8-28.3 0L17.2 226.1C4.6 213.5 13.5 192 31.3 192z\\&quot;&gt;&lt;\\\/path&gt;&lt;\\\/svg&gt;&quot;,&quot;library&quot;:&quot;fa-solid&quot;},&quot;toggle&quot;:&quot;burger&quot;}\" data-widget_type=\"nav-menu.default\">\n\t\t\t\t\t\t\t\t<nav aria-label=\"Menu\" class=\"elementor-nav-menu--main elementor-nav-menu__container elementor-nav-menu--layout-vertical e--pointer-background e--animation-fade\">\n\t\t\t\t<ul id=\"menu-1-bf967fc\" class=\"elementor-nav-menu sm-vertical\"><li class=\"menu-item menu-item-type-post_type menu-item-object-page menu-item-753\"><a href=\"https:\/\/grupovaleria.aprenderfilosofia.pro.br\/index.php\/sobre\/\" class=\"elementor-item\">Sobre<\/a><\/li>\n<li class=\"menu-item menu-item-type-post_type menu-item-object-page menu-item-335\"><a href=\"https:\/\/grupovaleria.aprenderfilosofia.pro.br\/index.php\/sobre\/linhas\/\" class=\"elementor-item\">Linhas e Projetos de Pesquisa<\/a><\/li>\n<li class=\"menu-item menu-item-type-post_type menu-item-object-page menu-item-334\"><a href=\"https:\/\/grupovaleria.aprenderfilosofia.pro.br\/index.php\/sobre\/regimento\/\" class=\"elementor-item\">Regimento Geral do Prof-Filo<\/a><\/li>\n<li class=\"menu-item menu-item-type-post_type menu-item-object-page menu-item-333\"><a href=\"https:\/\/grupovaleria.aprenderfilosofia.pro.br\/index.php\/sobre\/curricular\/\" class=\"elementor-item\">Hor\u00e1rios de Aula e Matriz Curricular<\/a><\/li>\n<li class=\"menu-item menu-item-type-post_type menu-item-object-page menu-item-332\"><a href=\"https:\/\/grupovaleria.aprenderfilosofia.pro.br\/index.php\/sobre\/cred_docente\/\" class=\"elementor-item\">Credenciamento de Docentes<\/a><\/li>\n<li class=\"menu-item menu-item-type-post_type menu-item-object-page menu-item-331\"><a href=\"https:\/\/grupovaleria.aprenderfilosofia.pro.br\/index.php\/sobre\/rel_programa\/\" class=\"elementor-item\">Relat\u00f3rios do Programa<\/a><\/li>\n<\/ul>\t\t\t<\/nav>\n\t\t\t\t\t<div class=\"elementor-menu-toggle\" role=\"button\" tabindex=\"0\" aria-label=\"Menu Toggle\" aria-expanded=\"false\">\n\t\t\t<svg aria-hidden=\"true\" role=\"presentation\" class=\"elementor-menu-toggle__icon--open e-font-icon-svg e-eicon-menu-bar\" viewBox=\"0 0 1000 1000\" xmlns=\"http:\/\/www.w3.org\/2000\/svg\"><path d=\"M104 333H896C929 333 958 304 958 271S929 208 896 208H104C71 208 42 237 42 271S71 333 104 333ZM104 583H896C929 583 958 554 958 521S929 458 896 458H104C71 458 42 487 42 521S71 583 104 583ZM104 833H896C929 833 958 804 958 771S929 708 896 708H104C71 708 42 737 42 771S71 833 104 833Z\"><\/path><\/svg><svg aria-hidden=\"true\" role=\"presentation\" class=\"elementor-menu-toggle__icon--close e-font-icon-svg e-fas-angle-double-right\" viewBox=\"0 0 448 512\" xmlns=\"http:\/\/www.w3.org\/2000\/svg\"><path d=\"M224.3 273l-136 136c-9.4 9.4-24.6 9.4-33.9 0l-22.6-22.6c-9.4-9.4-9.4-24.6 0-33.9l96.4-96.4-96.4-96.4c-9.4-9.4-9.4-24.6 0-33.9L54.3 103c9.4-9.4 24.6-9.4 33.9 0l136 136c9.5 9.4 9.5 24.6.1 34zm192-34l-136-136c-9.4-9.4-24.6-9.4-33.9 0l-22.6 22.6c-9.4 9.4-9.4 24.6 0 33.9l96.4 96.4-96.4 96.4c-9.4 9.4-9.4 24.6 0 33.9l22.6 22.6c9.4 9.4 24.6 9.4 33.9 0l136-136c9.4-9.2 9.4-24.4 0-33.8z\"><\/path><\/svg>\t\t<\/div>\n\t\t\t\t\t<nav class=\"elementor-nav-menu--dropdown elementor-nav-menu__container\" aria-hidden=\"true\">\n\t\t\t\t<ul id=\"menu-2-bf967fc\" class=\"elementor-nav-menu sm-vertical\"><li class=\"menu-item menu-item-type-post_type menu-item-object-page menu-item-753\"><a href=\"https:\/\/grupovaleria.aprenderfilosofia.pro.br\/index.php\/sobre\/\" class=\"elementor-item\" tabindex=\"-1\">Sobre<\/a><\/li>\n<li class=\"menu-item menu-item-type-post_type menu-item-object-page menu-item-335\"><a href=\"https:\/\/grupovaleria.aprenderfilosofia.pro.br\/index.php\/sobre\/linhas\/\" class=\"elementor-item\" tabindex=\"-1\">Linhas e Projetos de Pesquisa<\/a><\/li>\n<li class=\"menu-item menu-item-type-post_type menu-item-object-page menu-item-334\"><a href=\"https:\/\/grupovaleria.aprenderfilosofia.pro.br\/index.php\/sobre\/regimento\/\" class=\"elementor-item\" tabindex=\"-1\">Regimento Geral do Prof-Filo<\/a><\/li>\n<li class=\"menu-item menu-item-type-post_type menu-item-object-page menu-item-333\"><a href=\"https:\/\/grupovaleria.aprenderfilosofia.pro.br\/index.php\/sobre\/curricular\/\" class=\"elementor-item\" tabindex=\"-1\">Hor\u00e1rios de Aula e Matriz Curricular<\/a><\/li>\n<li class=\"menu-item menu-item-type-post_type menu-item-object-page menu-item-332\"><a href=\"https:\/\/grupovaleria.aprenderfilosofia.pro.br\/index.php\/sobre\/cred_docente\/\" class=\"elementor-item\" tabindex=\"-1\">Credenciamento de Docentes<\/a><\/li>\n<li class=\"menu-item menu-item-type-post_type menu-item-object-page menu-item-331\"><a href=\"https:\/\/grupovaleria.aprenderfilosofia.pro.br\/index.php\/sobre\/rel_programa\/\" class=\"elementor-item\" tabindex=\"-1\">Relat\u00f3rios do Programa<\/a><\/li>\n<\/ul>\t\t\t<\/nav>\n\t\t\t\t\t\t<\/div>\n\t\t\t\t<\/div>\n\t\t<div class=\"elementor-element elementor-element-ccbe6e9 e-con-full e-flex e-con e-child\" data-id=\"ccbe6e9\" data-element_type=\"container\" data-e-type=\"container\">\n\t\t\t\t<div class=\"elementor-element elementor-element-7a4f270 elementor-widget__width-inherit e-n-tabs-mobile elementor-widget elementor-widget-n-tabs\" data-id=\"7a4f270\" data-element_type=\"widget\" data-e-type=\"widget\" data-settings=\"{&quot;tabs_justify_horizontal&quot;:&quot;stretch&quot;,&quot;horizontal_scroll&quot;:&quot;disable&quot;}\" data-widget_type=\"nested-tabs.default\">\n\t\t\t\t\t\t\t<div class=\"e-n-tabs\" data-widget-number=\"128250480\" aria-label=\"Tabs. Open items with Enter or Space, close with Escape and navigate using the Arrow keys.\">\n\t\t\t<div class=\"e-n-tabs-heading\" role=\"tablist\">\n\t\t\t\t\t<button id=\"e-n-tab-title-1282504801\" data-tab-title-id=\"e-n-tab-title-1282504801\" class=\"e-n-tab-title\" aria-selected=\"true\" data-tab-index=\"1\" role=\"tab\" tabindex=\"0\" aria-controls=\"e-n-tab-content-1282504801\" style=\"--n-tabs-title-order: 1;\">\n\t\t\t\t\t\t<span class=\"e-n-tab-title-text\">\n\t\t\t\tMestrado Profissional?\t\t\t<\/span>\n\t\t<\/button>\n\t\t\t\t<button id=\"e-n-tab-title-1282504802\" data-tab-title-id=\"e-n-tab-title-1282504802\" class=\"e-n-tab-title\" aria-selected=\"false\" data-tab-index=\"2\" role=\"tab\" tabindex=\"-1\" aria-controls=\"e-n-tab-content-1282504802\" style=\"--n-tabs-title-order: 2;\">\n\t\t\t\t\t\t<span class=\"e-n-tab-title-text\">\n\t\t\t\tE o Prof-Filo? O que \u00e9?\t\t\t<\/span>\n\t\t<\/button>\n\t\t\t\t\t<\/div>\n\t\t\t<div class=\"e-n-tabs-content\">\n\t\t\t\t<div id=\"e-n-tab-content-1282504801\" role=\"tabpanel\" aria-labelledby=\"e-n-tab-title-1282504801\" data-tab-index=\"1\" style=\"--n-tabs-title-order: 1;\" class=\"e-active elementor-element elementor-element-12ec1ef e-con-full e-flex e-con e-child\" data-id=\"12ec1ef\" data-element_type=\"container\" data-e-type=\"container\">\n\t\t\t\t<div class=\"elementor-element elementor-element-72df976 elementor-widget elementor-widget-text-editor\" data-id=\"72df976\" data-element_type=\"widget\" data-e-type=\"widget\" data-widget_type=\"text-editor.default\">\n\t\t\t\t\t\t\t\t\t<p>Em linhas gerais, conforme Portaria Normativa do MEC N\u00ba 17 de 28\/12\/09, um mestrado profissional \u00e9\u00a0definido como modalidade de forma\u00e7\u00e3o p\u00f3s-graduada\u00a0stricto sensu\u00a0que possibilita:<\/p><p>\u00a0<\/p><p>I \u2013 a capacita\u00e7\u00e3o de pessoal para a pr\u00e1tica profissional avan\u00e7ada e transformadora de procedimentos e processos aplicados, por meio da incorpora\u00e7\u00e3o do m\u00e9todo cient\u00edfico, habilitando o profissional para atuar em atividades t\u00e9cnico-cient\u00edficas e de inova\u00e7\u00e3o;<\/p><p>\u00a0<\/p><p>II \u2013 a forma\u00e7\u00e3o de profissionais qualificados pela apropria\u00e7\u00e3o e aplica\u00e7\u00e3o do conhecimento embasado no rigor metodol\u00f3gico e nos fundamentos cient\u00edficos;<\/p><p>\u00a0<\/p><p>III \u2013 a incorpora\u00e7\u00e3o e atualiza\u00e7\u00e3o permanentes dos avan\u00e7os da ci\u00eancia e das tecnologias, bem como a capacita\u00e7\u00e3o para aplicar os mesmos, tendo como foco a gest\u00e3o, a produ\u00e7\u00e3o t\u00e9cnico-cient\u00edfica na pesquisa aplicada e a proposi\u00e7\u00e3o de inova\u00e7\u00f5es e aperfei\u00e7oamentos tecnol\u00f3gicos para a solu\u00e7\u00e3o de problemas espec\u00edficos.<\/p><p>\u00a0<\/p><p>Um mestrado profissional no modelo PROF \u00e9 um programa em rede nacional que cumpre os princ\u00edpios b\u00e1sicos de um mestrado profissional e que, em termos espec\u00edficos, \u00e9 voltado para a capacita\u00e7\u00e3o de professores atuantes no\u00a0ensino fundamental e no ensino m\u00e9dio.<\/p>\t\t\t\t\t\t\t\t<\/div>\n\t\t\t\t<\/div>\n\t\t<div id=\"e-n-tab-content-1282504802\" role=\"tabpanel\" aria-labelledby=\"e-n-tab-title-1282504802\" data-tab-index=\"2\" style=\"--n-tabs-title-order: 2;\" class=\" elementor-element elementor-element-bd0aa5a e-con-full e-flex e-con e-child\" data-id=\"bd0aa5a\" data-element_type=\"container\" data-e-type=\"container\">\n\t\t\t\t<div class=\"elementor-element elementor-element-4f52e49 elementor-widget elementor-widget-text-editor\" data-id=\"4f52e49\" data-element_type=\"widget\" data-e-type=\"widget\" data-widget_type=\"text-editor.default\">\n\t\t\t\t\t\t\t\t\t<p>O\u00a0Mestrado Profissional em Filosofia\u00a0(PROF-FILO) \u00e9 um programa de p\u00f3s-gradua\u00e7\u00e3o destinado a ofertar curso de mestrado a professores de filosofia do ensino m\u00e9dio ou fundamental, na modalidade profissional, em rede e com abrang\u00eancia nacional.<\/p><p>\u00a0<\/p><p>O curso, com \u00e1rea de concentra\u00e7\u00e3o em Ensino de Filosofia, \u00e9 predominantemente presencial e confere aos estudantes concluintes o t\u00edtulo de \u201cMestre em Filosofia\u201d.<\/p><p>\u00a0<\/p><p>O PROF-FILO se estrutura a partir de n\u00facleos sediados em Institui\u00e7\u00f5es de Ensino Superior (IES) que s\u00e3o respons\u00e1veis pela coordena\u00e7\u00e3o e execu\u00e7\u00e3o local do curso.<\/p><p>\u00a0<\/p><p>O corpo docente do PROF-FILO \u2013 respons\u00e1vel pelas suas atividades de ensino, pesquisa e extens\u00e3o \u2013 \u00e9 formado por docentes dos n\u00facleos.<\/p>\t\t\t\t\t\t\t\t<\/div>\n\t\t\t\t<\/div>\n\t\t\t\t\t<\/div>\n\t\t<\/div>\n\t\t\t\t\t\t<\/div>\n\t\t\t\t<\/div>\n\t\t\t\t<\/div>\n\t\t\t\t\t<\/div>\n\t\t\t\t<\/div>\n\t\t<div class=\"elementor-element elementor-element-5d2a6c8 e-flex e-con-boxed e-con e-parent\" data-id=\"5d2a6c8\" data-element_type=\"container\" data-e-type=\"container\">\n\t\t\t\t\t<div class=\"e-con-inner\">\n\t\t\t\t\t<\/div>\n\t\t\t\t<\/div>\n\t\t\t\t<\/div>\n\t\t\n    <div class=\"xs_social_share_widget xs_share_url after_content \t\tmain_content  wslu-style-1 wslu-share-box-shaped wslu-fill-colored wslu-none wslu-share-horizontal wslu-theme-font-no wslu-main_content\">\n\n\t\t\n        <ul>\n\t\t\t        <\/ul>\n    <\/div> \n","protected":false},"excerpt":{"rendered":"<p>Sobre o Prof-Filo Mestrado Profissional? E o Prof-Filo? O que \u00e9? Em linhas gerais, conforme Portaria Normativa do MEC N\u00ba 17 de 28\/12\/09, um mestrado profissional \u00e9\u00a0definido como modalidade de&hellip;<\/p>\n","protected":false},"author":1,"featured_media":588,"parent":0,"menu_order":0,"comment_status":"closed","ping_status":"closed","template":"elementor_header_footer","meta":{"footnotes":""},"post_interno":[],"class_list":["post-160","page","type-page","status-publish","has-post-thumbnail","hentry"],"yoast_head":"<!-- This site is optimized with the Yoast SEO plugin v27.5 - https:\/\/yoast.com\/product\/yoast-seo-wordpress\/ -->\n<title>Sobre - PROF-FILO UNIRIO<\/title>\n<meta name=\"robots\" content=\"noindex, follow, max-snippet:-1, max-image-preview:large, max-video-preview:-1\" \/>\n<meta property=\"og:locale\" content=\"en_US\" \/>\n<meta property=\"og:type\" content=\"article\" \/>\n<meta property=\"og:title\" content=\"Sobre - PROF-FILO UNIRIO\" \/>\n<meta property=\"og:description\" content=\"Sobre o Prof-Filo Mestrado Profissional? E o Prof-Filo? O que \u00e9? Em linhas gerais, conforme Portaria Normativa do MEC N\u00ba 17 de 28\/12\/09, um mestrado profissional \u00e9\u00a0definido como modalidade de [&hellip;]\" \/>\n<meta property=\"og:url\" content=\"https:\/\/grupovaleria.aprenderfilosofia.pro.br\/index.php\/sobre\/\" \/>\n<meta property=\"og:site_name\" content=\"PROF-FILO UNIRIO\" \/>\n<meta property=\"article:modified_time\" content=\"2025-03-09T23:40:14+00:00\" \/>\n<meta property=\"og:image\" content=\"https:\/\/grupovaleria.aprenderfilosofia.pro.br\/wp-content\/uploads\/2025\/03\/Sobre_imagem.png\" \/>\n\t<meta property=\"og:image:width\" content=\"644\" \/>\n\t<meta property=\"og:image:height\" content=\"363\" \/>\n\t<meta property=\"og:image:type\" content=\"image\/png\" \/>\n<meta name=\"twitter:card\" content=\"summary_large_image\" \/>\n<meta name=\"twitter:label1\" content=\"Est. reading time\" \/>\n\t<meta name=\"twitter:data1\" content=\"4 minutes\" \/>\n<script type=\"application\/ld+json\" class=\"yoast-schema-graph\">{\"@context\":\"https:\\\/\\\/schema.org\",\"@graph\":[{\"@type\":\"WebPage\",\"@id\":\"https:\\\/\\\/grupovaleria.aprenderfilosofia.pro.br\\\/index.php\\\/sobre\\\/\",\"url\":\"https:\\\/\\\/grupovaleria.aprenderfilosofia.pro.br\\\/index.php\\\/sobre\\\/\",\"name\":\"Sobre - PROF-FILO UNIRIO\",\"isPartOf\":{\"@id\":\"https:\\\/\\\/grupovaleria.aprenderfilosofia.pro.br\\\/#website\"},\"primaryImageOfPage\":{\"@id\":\"https:\\\/\\\/grupovaleria.aprenderfilosofia.pro.br\\\/index.php\\\/sobre\\\/#primaryimage\"},\"image\":{\"@id\":\"https:\\\/\\\/grupovaleria.aprenderfilosofia.pro.br\\\/index.php\\\/sobre\\\/#primaryimage\"},\"thumbnailUrl\":\"https:\\\/\\\/grupovaleria.aprenderfilosofia.pro.br\\\/wp-content\\\/uploads\\\/2025\\\/03\\\/Sobre_imagem.png\",\"datePublished\":\"2025-03-05T23:05:01+00:00\",\"dateModified\":\"2025-03-09T23:40:14+00:00\",\"breadcrumb\":{\"@id\":\"https:\\\/\\\/grupovaleria.aprenderfilosofia.pro.br\\\/index.php\\\/sobre\\\/#breadcrumb\"},\"inLanguage\":\"en-US\",\"potentialAction\":[{\"@type\":\"ReadAction\",\"target\":[\"https:\\\/\\\/grupovaleria.aprenderfilosofia.pro.br\\\/index.php\\\/sobre\\\/\"]}]},{\"@type\":\"ImageObject\",\"inLanguage\":\"en-US\",\"@id\":\"https:\\\/\\\/grupovaleria.aprenderfilosofia.pro.br\\\/index.php\\\/sobre\\\/#primaryimage\",\"url\":\"https:\\\/\\\/grupovaleria.aprenderfilosofia.pro.br\\\/wp-content\\\/uploads\\\/2025\\\/03\\\/Sobre_imagem.png\",\"contentUrl\":\"https:\\\/\\\/grupovaleria.aprenderfilosofia.pro.br\\\/wp-content\\\/uploads\\\/2025\\\/03\\\/Sobre_imagem.png\",\"width\":644,\"height\":363},{\"@type\":\"BreadcrumbList\",\"@id\":\"https:\\\/\\\/grupovaleria.aprenderfilosofia.pro.br\\\/index.php\\\/sobre\\\/#breadcrumb\",\"itemListElement\":[{\"@type\":\"ListItem\",\"position\":1,\"name\":\"Home\",\"item\":\"https:\\\/\\\/grupovaleria.aprenderfilosofia.pro.br\\\/\"},{\"@type\":\"ListItem\",\"position\":2,\"name\":\"Sobre\"}]},{\"@type\":\"WebSite\",\"@id\":\"https:\\\/\\\/grupovaleria.aprenderfilosofia.pro.br\\\/#website\",\"url\":\"https:\\\/\\\/grupovaleria.aprenderfilosofia.pro.br\\\/\",\"name\":\"PROF-FILO UNIRIO\",\"description\":\"Programa de Mestrado Profissional em Rede\",\"publisher\":{\"@id\":\"https:\\\/\\\/grupovaleria.aprenderfilosofia.pro.br\\\/#organization\"},\"potentialAction\":[{\"@type\":\"SearchAction\",\"target\":{\"@type\":\"EntryPoint\",\"urlTemplate\":\"https:\\\/\\\/grupovaleria.aprenderfilosofia.pro.br\\\/?s={search_term_string}\"},\"query-input\":{\"@type\":\"PropertyValueSpecification\",\"valueRequired\":true,\"valueName\":\"search_term_string\"}}],\"inLanguage\":\"en-US\"},{\"@type\":\"Organization\",\"@id\":\"https:\\\/\\\/grupovaleria.aprenderfilosofia.pro.br\\\/#organization\",\"name\":\"PROF-FILO UNIRIO\",\"url\":\"https:\\\/\\\/grupovaleria.aprenderfilosofia.pro.br\\\/\",\"logo\":{\"@type\":\"ImageObject\",\"inLanguage\":\"en-US\",\"@id\":\"https:\\\/\\\/grupovaleria.aprenderfilosofia.pro.br\\\/#\\\/schema\\\/logo\\\/image\\\/\",\"url\":\"https:\\\/\\\/grupovaleria.aprenderfilosofia.pro.br\\\/wp-content\\\/uploads\\\/2025\\\/03\\\/proffilologo_unirio_02.webp\",\"contentUrl\":\"https:\\\/\\\/grupovaleria.aprenderfilosofia.pro.br\\\/wp-content\\\/uploads\\\/2025\\\/03\\\/proffilologo_unirio_02.webp\",\"width\":457,\"height\":260,\"caption\":\"PROF-FILO UNIRIO\"},\"image\":{\"@id\":\"https:\\\/\\\/grupovaleria.aprenderfilosofia.pro.br\\\/#\\\/schema\\\/logo\\\/image\\\/\"}}]}<\/script>\n<!-- \/ Yoast SEO plugin. -->","yoast_head_json":{"title":"Sobre - PROF-FILO UNIRIO","robots":{"index":"noindex","follow":"follow","max-snippet":"max-snippet:-1","max-image-preview":"max-image-preview:large","max-video-preview":"max-video-preview:-1"},"og_locale":"en_US","og_type":"article","og_title":"Sobre - PROF-FILO UNIRIO","og_description":"Sobre o Prof-Filo Mestrado Profissional? E o Prof-Filo? O que \u00e9? Em linhas gerais, conforme Portaria Normativa do MEC N\u00ba 17 de 28\/12\/09, um mestrado profissional \u00e9\u00a0definido como modalidade de [&hellip;]","og_url":"https:\/\/grupovaleria.aprenderfilosofia.pro.br\/index.php\/sobre\/","og_site_name":"PROF-FILO UNIRIO","article_modified_time":"2025-03-09T23:40:14+00:00","og_image":[{"width":644,"height":363,"url":"https:\/\/grupovaleria.aprenderfilosofia.pro.br\/wp-content\/uploads\/2025\/03\/Sobre_imagem.png","type":"image\/png"}],"twitter_card":"summary_large_image","twitter_misc":{"Est. reading time":"4 minutes"},"schema":{"@context":"https:\/\/schema.org","@graph":[{"@type":"WebPage","@id":"https:\/\/grupovaleria.aprenderfilosofia.pro.br\/index.php\/sobre\/","url":"https:\/\/grupovaleria.aprenderfilosofia.pro.br\/index.php\/sobre\/","name":"Sobre - PROF-FILO UNIRIO","isPartOf":{"@id":"https:\/\/grupovaleria.aprenderfilosofia.pro.br\/#website"},"primaryImageOfPage":{"@id":"https:\/\/grupovaleria.aprenderfilosofia.pro.br\/index.php\/sobre\/#primaryimage"},"image":{"@id":"https:\/\/grupovaleria.aprenderfilosofia.pro.br\/index.php\/sobre\/#primaryimage"},"thumbnailUrl":"https:\/\/grupovaleria.aprenderfilosofia.pro.br\/wp-content\/uploads\/2025\/03\/Sobre_imagem.png","datePublished":"2025-03-05T23:05:01+00:00","dateModified":"2025-03-09T23:40:14+00:00","breadcrumb":{"@id":"https:\/\/grupovaleria.aprenderfilosofia.pro.br\/index.php\/sobre\/#breadcrumb"},"inLanguage":"en-US","potentialAction":[{"@type":"ReadAction","target":["https:\/\/grupovaleria.aprenderfilosofia.pro.br\/index.php\/sobre\/"]}]},{"@type":"ImageObject","inLanguage":"en-US","@id":"https:\/\/grupovaleria.aprenderfilosofia.pro.br\/index.php\/sobre\/#primaryimage","url":"https:\/\/grupovaleria.aprenderfilosofia.pro.br\/wp-content\/uploads\/2025\/03\/Sobre_imagem.png","contentUrl":"https:\/\/grupovaleria.aprenderfilosofia.pro.br\/wp-content\/uploads\/2025\/03\/Sobre_imagem.png","width":644,"height":363},{"@type":"BreadcrumbList","@id":"https:\/\/grupovaleria.aprenderfilosofia.pro.br\/index.php\/sobre\/#breadcrumb","itemListElement":[{"@type":"ListItem","position":1,"name":"Home","item":"https:\/\/grupovaleria.aprenderfilosofia.pro.br\/"},{"@type":"ListItem","position":2,"name":"Sobre"}]},{"@type":"WebSite","@id":"https:\/\/grupovaleria.aprenderfilosofia.pro.br\/#website","url":"https:\/\/grupovaleria.aprenderfilosofia.pro.br\/","name":"PROF-FILO UNIRIO","description":"Programa de Mestrado Profissional em Rede","publisher":{"@id":"https:\/\/grupovaleria.aprenderfilosofia.pro.br\/#organization"},"potentialAction":[{"@type":"SearchAction","target":{"@type":"EntryPoint","urlTemplate":"https:\/\/grupovaleria.aprenderfilosofia.pro.br\/?s={search_term_string}"},"query-input":{"@type":"PropertyValueSpecification","valueRequired":true,"valueName":"search_term_string"}}],"inLanguage":"en-US"},{"@type":"Organization","@id":"https:\/\/grupovaleria.aprenderfilosofia.pro.br\/#organization","name":"PROF-FILO UNIRIO","url":"https:\/\/grupovaleria.aprenderfilosofia.pro.br\/","logo":{"@type":"ImageObject","inLanguage":"en-US","@id":"https:\/\/grupovaleria.aprenderfilosofia.pro.br\/#\/schema\/logo\/image\/","url":"https:\/\/grupovaleria.aprenderfilosofia.pro.br\/wp-content\/uploads\/2025\/03\/proffilologo_unirio_02.webp","contentUrl":"https:\/\/grupovaleria.aprenderfilosofia.pro.br\/wp-content\/uploads\/2025\/03\/proffilologo_unirio_02.webp","width":457,"height":260,"caption":"PROF-FILO UNIRIO"},"image":{"@id":"https:\/\/grupovaleria.aprenderfilosofia.pro.br\/#\/schema\/logo\/image\/"}}]}},"_links":{"self":[{"href":"https:\/\/grupovaleria.aprenderfilosofia.pro.br\/index.php\/wp-json\/wp\/v2\/pages\/160","targetHints":{"allow":["GET"]}}],"collection":[{"href":"https:\/\/grupovaleria.aprenderfilosofia.pro.br\/index.php\/wp-json\/wp\/v2\/pages"}],"about":[{"href":"https:\/\/grupovaleria.aprenderfilosofia.pro.br\/index.php\/wp-json\/wp\/v2\/types\/page"}],"author":[{"embeddable":true,"href":"https:\/\/grupovaleria.aprenderfilosofia.pro.br\/index.php\/wp-json\/wp\/v2\/users\/1"}],"replies":[{"embeddable":true,"href":"https:\/\/grupovaleria.aprenderfilosofia.pro.br\/index.php\/wp-json\/wp\/v2\/comments?post=160"}],"version-history":[{"count":86,"href":"https:\/\/grupovaleria.aprenderfilosofia.pro.br\/index.php\/wp-json\/wp\/v2\/pages\/160\/revisions"}],"predecessor-version":[{"id":830,"href":"https:\/\/grupovaleria.aprenderfilosofia.pro.br\/index.php\/wp-json\/wp\/v2\/pages\/160\/revisions\/830"}],"wp:featuredmedia":[{"embeddable":true,"href":"https:\/\/grupovaleria.aprenderfilosofia.pro.br\/index.php\/wp-json\/wp\/v2\/media\/588"}],"wp:attachment":[{"href":"https:\/\/grupovaleria.aprenderfilosofia.pro.br\/index.php\/wp-json\/wp\/v2\/media?parent=160"}],"wp:term":[{"taxonomy":"post_interno","embeddable":true,"href":"https:\/\/grupovaleria.aprenderfilosofia.pro.br\/index.php\/wp-json\/wp\/v2\/post_interno?post=160"}],"curies":[{"name":"wp","href":"https:\/\/api.w.org\/{rel}","templated":true}]}}